{"id":7448,"date":"2024-08-02T11:25:20","date_gmt":"2024-08-02T15:25:20","guid":{"rendered":"https:\/\/anbermovers.com\/?page_id=7448"},"modified":"2024-08-02T13:10:08","modified_gmt":"2024-08-02T17:10:08","slug":"merci-pour-votre-demande-de-devis-de-demenagement-services","status":"publish","type":"page","link":"https:\/\/anbermovers.com\/fr\/merci-pour-votre-demande-de-devis-de-demenagement-services\/","title":{"rendered":"Merci pour votre demande de devis de d\u00e9m\u00e9nagement !"},"content":{"rendered":"<p>Merci de nous avoir choisis pour votre d\u00e9m\u00e9nagement ! Nous avons re\u00e7u votre demande de devis de d\u00e9m\u00e9nagement et nous prendrons contact avec vous dans les plus brefs d\u00e9lais pour vous fournir de plus amples d\u00e9tails.<\/p>  <p>Vous avez besoin d&rsquo;une assistance imm\u00e9diate ou vous avez des questions urgentes?<\/p> <p><b>N&rsquo;h\u00e9sitez pas \u00e0 nous appeler \u00e0<\/b><\/p>  <p><a href=\"tel:+15147358148\" class=\"button-red\">(514) 735-8148<\/a> <\/p> \u2014 OU \u2014 <p><a href=\"tel:+18005616683\" class=\"button-red\">1-800-561-MOVE<\/a><\/p>","protected":false},"excerpt":{"rendered":"<p>Merci de nous avoir choisis pour votre d\u00e9m\u00e9nagement ! Nous avons re\u00e7u votre demande de devis de d\u00e9m\u00e9nagement et nous prendrons contact avec vous dans les plus brefs d\u00e9lais pour vous fournir de plus amples d\u00e9tails. Vous avez besoin d&rsquo;une assistance imm\u00e9diate ou vous avez des questions urgentes? N&rsquo;h\u00e9sitez pas \u00e0 nous appeler \u00e0 (514) [&hellip;]<\/p>\n","protected":false},"author":1,"featured_media":863,"parent":0,"menu_order":0,"comment_status":"closed","ping_status":"closed","template":"testimonial.php","meta":{"_seopress_robots_primary_cat":"","_seopress_titles_title":"","_seopress_titles_desc":"","_seopress_robots_index":"","footnotes":""},"class_list":["post-7448","page","type-page","status-publish","has-post-thumbnail"],"_links":{"self":[{"href":"https:\/\/anbermovers.com\/fr\/wp-json\/wp\/v2\/pages\/7448","targetHints":{"allow":["GET"]}}],"collection":[{"href":"https:\/\/anbermovers.com\/fr\/wp-json\/wp\/v2\/pages"}],"about":[{"href":"https:\/\/anbermovers.com\/fr\/wp-json\/wp\/v2\/types\/page"}],"author":[{"embeddable":true,"href":"https:\/\/anbermovers.com\/fr\/wp-json\/wp\/v2\/users\/1"}],"replies":[{"embeddable":true,"href":"https:\/\/anbermovers.com\/fr\/wp-json\/wp\/v2\/comments?post=7448"}],"version-history":[{"count":4,"href":"https:\/\/anbermovers.com\/fr\/wp-json\/wp\/v2\/pages\/7448\/revisions"}],"predecessor-version":[{"id":7488,"href":"https:\/\/anbermovers.com\/fr\/wp-json\/wp\/v2\/pages\/7448\/revisions\/7488"}],"wp:featuredmedia":[{"embeddable":true,"href":"https:\/\/anbermovers.com\/fr\/wp-json\/wp\/v2\/media\/863"}],"wp:attachment":[{"href":"https:\/\/anbermovers.com\/fr\/wp-json\/wp\/v2\/media?parent=7448"}],"curies":[{"name":"wp","href":"https:\/\/api.w.org\/{rel}","templated":true}]}}