{"id":328,"date":"2022-02-26T14:20:17","date_gmt":"2022-02-26T14:20:17","guid":{"rendered":"http:\/\/anbermov.to1.fcomet.com\/?page_id=328"},"modified":"2026-02-11T03:38:23","modified_gmt":"2026-02-11T08:38:23","slug":"anbermovers-com-fr-pourquoi-choisir-un-service-de-demenagement-local-demenagement-anber","status":"publish","type":"page","link":"https:\/\/anbermovers.com\/fr\/anbermovers-com-fr-pourquoi-choisir-un-service-de-demenagement-local-demenagement-anber\/","title":{"rendered":"Pourquoi choisir Anber"},"content":{"rendered":"<h2>Pourquoi choisir<br> Anber?<\/h2> <p>D\u00e9m\u00e9nagements Anber est une entreprise de confiance, familiale qui op\u00e8re depuis 1989. Nos d\u00e9m\u00e9nageurs sont form\u00e9s pour s\u2019assurer que vos biens sont entre de bonnes mains.<\/p> <ul> \t<li>D\u00e9m\u00e9nageurs r\u00e9sidentiels et commerciaux<\/li> \t<li>D\u00e9m\u00e9nageurs longue distance &amp; locaux<\/li> \t<li>Services d&rsquo;entreposage &amp; bien plus encore<\/li> <\/ul>","protected":false},"excerpt":{"rendered":"<p>Pourquoi choisir Anber? D\u00e9m\u00e9nagements Anber est une entreprise de confiance, familiale qui op\u00e8re depuis 1989. Nos d\u00e9m\u00e9nageurs sont form\u00e9s pour s\u2019assurer que vos biens sont entre de bonnes mains. D\u00e9m\u00e9nageurs r\u00e9sidentiels et commerciaux D\u00e9m\u00e9nageurs longue distance &amp; locaux Services d&rsquo;entreposage &amp; bien plus encore<\/p>\n","protected":false},"author":1,"featured_media":873,"parent":0,"menu_order":0,"comment_status":"closed","ping_status":"closed","template":"why_choose.php","meta":{"_seopress_robots_primary_cat":"","_seopress_titles_title":"D\u00e9m\u00e9nageurs Pas Cher et Exp\u00e9riment\u00e9 | Anber Movers Montr\u00e9al","_seopress_titles_desc":"Vous d\u00e9m\u00e9nagez? Appelez nos d\u00e9m\u00e9nageurs et obtenez les meilleurs prix & qualit\u00e9! Nous sommes l\u00e0 pour vous. Montr\u00e9al, Rive Nord et Rive Sud. Estimation Gratuite","_seopress_robots_index":"","footnotes":""},"class_list":["post-328","page","type-page","status-publish","has-post-thumbnail"],"_links":{"self":[{"href":"https:\/\/anbermovers.com\/fr\/wp-json\/wp\/v2\/pages\/328","targetHints":{"allow":["GET"]}}],"collection":[{"href":"https:\/\/anbermovers.com\/fr\/wp-json\/wp\/v2\/pages"}],"about":[{"href":"https:\/\/anbermovers.com\/fr\/wp-json\/wp\/v2\/types\/page"}],"author":[{"embeddable":true,"href":"https:\/\/anbermovers.com\/fr\/wp-json\/wp\/v2\/users\/1"}],"replies":[{"embeddable":true,"href":"https:\/\/anbermovers.com\/fr\/wp-json\/wp\/v2\/comments?post=328"}],"version-history":[{"count":27,"href":"https:\/\/anbermovers.com\/fr\/wp-json\/wp\/v2\/pages\/328\/revisions"}],"predecessor-version":[{"id":7624,"href":"https:\/\/anbermovers.com\/fr\/wp-json\/wp\/v2\/pages\/328\/revisions\/7624"}],"wp:featuredmedia":[{"embeddable":true,"href":"https:\/\/anbermovers.com\/fr\/wp-json\/wp\/v2\/media\/873"}],"wp:attachment":[{"href":"https:\/\/anbermovers.com\/fr\/wp-json\/wp\/v2\/media?parent=328"}],"curies":[{"name":"wp","href":"https:\/\/api.w.org\/{rel}","templated":true}]}}