{"id":324,"date":"2022-02-26T14:17:37","date_gmt":"2022-02-26T14:17:37","guid":{"rendered":"http:\/\/anbermov.to1.fcomet.com\/?page_id=324"},"modified":"2024-08-14T10:38:57","modified_gmt":"2024-08-14T14:38:57","slug":"services-demenagement-local-a-montreal","status":"publish","type":"page","link":"https:\/\/anbermovers.com\/fr\/services-demenagement-local-a-montreal\/","title":{"rendered":"Services"},"content":{"rendered":"<p>Que vous d\u00e9m\u00e9nagiez dans un nouvel appartement ou un bureau au coin de la rue, que vous d\u00e9m\u00e9nagiez de Montr\u00e9al ou que vous d\u00e9m\u00e9nagiez \u00e0 Montr\u00e9al, nous sommes les d\u00e9m\u00e9nageurs en qui vous pouvez avoir confiance.<\/p> <a href=\"\/fr\/contacter-demenageurs-anber\/\" class=\"button-blue\">OBTENEZ UNE ESTIMATION GRATUITE<\/a>","protected":false},"excerpt":{"rendered":"<p>Que vous d\u00e9m\u00e9nagiez dans un nouvel appartement ou un bureau au coin de la rue, que vous d\u00e9m\u00e9nagiez de Montr\u00e9al ou que vous d\u00e9m\u00e9nagiez \u00e0 Montr\u00e9al, nous sommes les d\u00e9m\u00e9nageurs en qui vous pouvez avoir confiance. OBTENEZ UNE ESTIMATION GRATUITE<\/p>\n","protected":false},"author":1,"featured_media":863,"parent":0,"menu_order":0,"comment_status":"closed","ping_status":"closed","template":"services.php","meta":{"_seopress_robots_primary_cat":"","_seopress_titles_title":"D\u00e9m\u00e9nageurs Pas Cher, Services Complets | Anber Movers MTL","_seopress_titles_desc":"Vous d\u00e9m\u00e9nagez? Appelez nos d\u00e9m\u00e9nageurs et obtenez les meilleurs prix! Services Complets! Montr\u00e9al, Rive Nord et Rive Sud ou Longue Dist. Estimation Gratuite.","_seopress_robots_index":"","footnotes":""},"class_list":["post-324","page","type-page","status-publish","has-post-thumbnail"],"_links":{"self":[{"href":"https:\/\/anbermovers.com\/fr\/wp-json\/wp\/v2\/pages\/324","targetHints":{"allow":["GET"]}}],"collection":[{"href":"https:\/\/anbermovers.com\/fr\/wp-json\/wp\/v2\/pages"}],"about":[{"href":"https:\/\/anbermovers.com\/fr\/wp-json\/wp\/v2\/types\/page"}],"author":[{"embeddable":true,"href":"https:\/\/anbermovers.com\/fr\/wp-json\/wp\/v2\/users\/1"}],"replies":[{"embeddable":true,"href":"https:\/\/anbermovers.com\/fr\/wp-json\/wp\/v2\/comments?post=324"}],"version-history":[{"count":0,"href":"https:\/\/anbermovers.com\/fr\/wp-json\/wp\/v2\/pages\/324\/revisions"}],"wp:featuredmedia":[{"embeddable":true,"href":"https:\/\/anbermovers.com\/fr\/wp-json\/wp\/v2\/media\/863"}],"wp:attachment":[{"href":"https:\/\/anbermovers.com\/fr\/wp-json\/wp\/v2\/media?parent=324"}],"curies":[{"name":"wp","href":"https:\/\/api.w.org\/{rel}","templated":true}]}}