{"id":322,"date":"2022-02-26T14:17:09","date_gmt":"2022-02-26T14:17:09","guid":{"rendered":"http:\/\/anbermov.to1.fcomet.com\/?page_id=322"},"modified":"2024-08-14T10:40:11","modified_gmt":"2024-08-14T14:40:11","slug":"services-de-demenagement-abordables","status":"publish","type":"page","link":"https:\/\/anbermovers.com\/fr\/services-de-demenagement-abordables\/","title":{"rendered":"Tarification"},"content":{"rendered":"<h2>D\u00e9m\u00e9nagement abordable avec Anber!<\/h2> <p>Vous voulez travailler avec des d\u00e9m\u00e9nageurs en qui vous pouvez avoir confiance sans vous ruiner?<\/p> <p>Nos prix sont tr\u00e8s comp\u00e9titifs et nous vous donnerons une estimation de d\u00e9m\u00e9nagement pr\u00e9cise \u00e0 l&rsquo;avance, afin qu&rsquo;il n&rsquo;y ait pas de surprises le jour du d\u00e9m\u00e9nagement.<\/p> <button class=\"button-red fr-ver\"><a href=\"\/fr\/contacter-demenageurs-anber\/\">OBTENEZ UNE ESTIMATION GRATUITE <\/a><\/button>","protected":false},"excerpt":{"rendered":"<p>D\u00e9m\u00e9nagement abordable avec Anber! Vous voulez travailler avec des d\u00e9m\u00e9nageurs en qui vous pouvez avoir confiance sans vous ruiner? Nos prix sont tr\u00e8s comp\u00e9titifs et nous vous donnerons une estimation de d\u00e9m\u00e9nagement pr\u00e9cise \u00e0 l&rsquo;avance, afin qu&rsquo;il n&rsquo;y ait pas de surprises le jour du d\u00e9m\u00e9nagement. OBTENEZ UNE ESTIMATION GRATUITE<\/p>\n","protected":false},"author":1,"featured_media":440,"parent":0,"menu_order":0,"comment_status":"closed","ping_status":"closed","template":"pricing.php","meta":{"_seopress_robots_primary_cat":"","_seopress_titles_title":"D\u00e9m\u00e9nageurs Qualit\u00e9 Prix Imbattables | Anber Movers Montr\u00e9al","_seopress_titles_desc":"Vous d\u00e9m\u00e9nagez? Vous voulez les meilleurs prix! Services Complets! Montr\u00e9al, Rive Nord et Rive Sud. Appelez nos d\u00e9m\u00e9nageurs et obtenez une Estimation Gratuite.","_seopress_robots_index":"","footnotes":""},"class_list":["post-322","page","type-page","status-publish","has-post-thumbnail"],"_links":{"self":[{"href":"https:\/\/anbermovers.com\/fr\/wp-json\/wp\/v2\/pages\/322","targetHints":{"allow":["GET"]}}],"collection":[{"href":"https:\/\/anbermovers.com\/fr\/wp-json\/wp\/v2\/pages"}],"about":[{"href":"https:\/\/anbermovers.com\/fr\/wp-json\/wp\/v2\/types\/page"}],"author":[{"embeddable":true,"href":"https:\/\/anbermovers.com\/fr\/wp-json\/wp\/v2\/users\/1"}],"replies":[{"embeddable":true,"href":"https:\/\/anbermovers.com\/fr\/wp-json\/wp\/v2\/comments?post=322"}],"version-history":[{"count":22,"href":"https:\/\/anbermovers.com\/fr\/wp-json\/wp\/v2\/pages\/322\/revisions"}],"predecessor-version":[{"id":7629,"href":"https:\/\/anbermovers.com\/fr\/wp-json\/wp\/v2\/pages\/322\/revisions\/7629"}],"wp:featuredmedia":[{"embeddable":true,"href":"https:\/\/anbermovers.com\/fr\/wp-json\/wp\/v2\/media\/440"}],"wp:attachment":[{"href":"https:\/\/anbermovers.com\/fr\/wp-json\/wp\/v2\/media?parent=322"}],"curies":[{"name":"wp","href":"https:\/\/api.w.org\/{rel}","templated":true}]}}