{"id":320,"date":"2022-02-26T14:16:30","date_gmt":"2022-02-26T14:16:30","guid":{"rendered":"http:\/\/anbermov.to1.fcomet.com\/?page_id=320"},"modified":"2026-04-13T08:55:35","modified_gmt":"2026-04-13T12:55:35","slug":"contacter-demenageurs-anber","status":"publish","type":"page","link":"https:\/\/anbermovers.com\/fr\/contacter-demenageurs-anber\/","title":{"rendered":"Soumission Gratuite"},"content":{"rendered":"<h2>Vous d\u00e9m\u00e9nagez?<br> Obtenez une <span class=\"red-text\">soumission gratuite!<span><\/span><\/span><\/h2>    <p>Nous fournissons des services de d\u00e9m\u00e9nagement fiables aux <strong>meilleurs prix<\/strong>, <strong>sans surprises<\/strong> et avec des <strong>bo\u00eetes garde-robe gratuites!<\/strong><\/p>  <p>Notre \u00e9quipe est l\u00e0 pour vous accompagner dans votre prochain d\u00e9m\u00e9nagement r\u00e9sidentiel ou commercial et local ou longue distance.<\/p>    <h3>Contactez-nous \u00e0<\/h3>  <!--    D\u00e9m\u00e9nageurs Anber<\/br>6282 de Vimy,<\/br> Montreal, QC H3S 2R3    -->  <ul style = \"font-size: 20px;\">   \t<li class=\"email-link\"><i class=\"fa fa-envelope\" aria-hidden=\"true\"><\/i><a href=\"mailto:estimate@anbermovers.com\"> estimate@anbermovers.com<\/a><\/li>  <br>   \t<li class=\"phone-link\"><i class=\"fa fa-phone\" aria-hidden=\"true\"><\/i><a href=\"tel:5147358148\"> (514) 735-8148<\/a> \/ <a href=\"tel:18005616683\">(800) 561-MOVE<\/a><\/li> <\/ul>  <br>    <h3><strong>Profitez d\u00e8s aujourd&rsquo;hui de nos bas tarifs!<\/strong><\/h3>        <h4><strong>Services de d\u00e9m\u00e9nagement \u00e0 Montr\u00e9al depuis plus de 35 ans!<\/strong><\/h4>","protected":false},"excerpt":{"rendered":"<p>Vous d\u00e9m\u00e9nagez? Obtenez une soumission gratuite! Nous fournissons des services de d\u00e9m\u00e9nagement fiables aux meilleurs prix, sans surprises et avec des bo\u00eetes garde-robe gratuites! Notre \u00e9quipe est l\u00e0 pour vous accompagner dans votre prochain d\u00e9m\u00e9nagement r\u00e9sidentiel ou commercial et local ou longue distance. Contactez-nous \u00e0 estimate@anbermovers.com (514) 735-8148 \/ (800) 561-MOVE Profitez d\u00e8s aujourd&rsquo;hui de [&hellip;]<\/p>\n","protected":false},"author":1,"featured_media":0,"parent":0,"menu_order":0,"comment_status":"closed","ping_status":"closed","template":"contact.php","meta":{"_seopress_robots_primary_cat":"","_seopress_titles_title":"D\u00e9m\u00e9nageurs Estimation Gratuite | Anber Movers Montreal","_seopress_titles_desc":"Vous d\u00e9m\u00e9nagez? Voyez ce que disent nos clients! Prix, Services Imbattables! Montr\u00e9al, Rive Nord, Rive Sud. Contactez nos d\u00e9m\u00e9nageurs pour Estimation Gratuite.","_seopress_robots_index":"","footnotes":""},"class_list":["post-320","page","type-page","status-publish"],"_links":{"self":[{"href":"https:\/\/anbermovers.com\/fr\/wp-json\/wp\/v2\/pages\/320","targetHints":{"allow":["GET"]}}],"collection":[{"href":"https:\/\/anbermovers.com\/fr\/wp-json\/wp\/v2\/pages"}],"about":[{"href":"https:\/\/anbermovers.com\/fr\/wp-json\/wp\/v2\/types\/page"}],"author":[{"embeddable":true,"href":"https:\/\/anbermovers.com\/fr\/wp-json\/wp\/v2\/users\/1"}],"replies":[{"embeddable":true,"href":"https:\/\/anbermovers.com\/fr\/wp-json\/wp\/v2\/comments?post=320"}],"version-history":[{"count":65,"href":"https:\/\/anbermovers.com\/fr\/wp-json\/wp\/v2\/pages\/320\/revisions"}],"predecessor-version":[{"id":21399,"href":"https:\/\/anbermovers.com\/fr\/wp-json\/wp\/v2\/pages\/320\/revisions\/21399"}],"wp:attachment":[{"href":"https:\/\/anbermovers.com\/fr\/wp-json\/wp\/v2\/media?parent=320"}],"curies":[{"name":"wp","href":"https:\/\/api.w.org\/{rel}","templated":true}]}}