{"id":241,"date":"2022-02-25T12:22:44","date_gmt":"2022-02-25T12:22:44","guid":{"rendered":"http:\/\/anbermov.to1.fcomet.com\/?page_id=241"},"modified":"2024-08-14T10:43:32","modified_gmt":"2024-08-14T14:43:32","slug":"blog","status":"publish","type":"page","link":"https:\/\/anbermovers.com\/fr\/blog\/","title":{"rendered":"Blog de d\u00e9m\u00e9nagement"},"content":{"rendered":"<p>Trucs, astuces et autres articles informatifs sur le d\u00e9m\u00e9nagement de votre maison ou de votre entreprise localement ou \u00e0 longue distance!<\/p>    <p><\/p>","protected":false},"excerpt":{"rendered":"<p>Trucs, astuces et autres articles informatifs sur le d\u00e9m\u00e9nagement de votre maison ou de votre entreprise localement ou \u00e0 longue distance!<\/p>\n","protected":false},"author":1,"featured_media":0,"parent":0,"menu_order":0,"comment_status":"closed","ping_status":"closed","template":"blog.php","meta":{"_seopress_robots_primary_cat":"","_seopress_titles_title":"D\u00e9m\u00e9nageurs Montr\u00e9al et Clients Satisfaits | Anber Movers","_seopress_titles_desc":"Vous d\u00e9m\u00e9nagez? Voyez ce que disent nos clients! Prix et Services Imbattables! Montr\u00e9al, Rive Nord, Rive Sud. Appelez nos d\u00e9m\u00e9nageurs pour Estimation Gratuite.","_seopress_robots_index":"","footnotes":""},"class_list":["post-241","page","type-page","status-publish"],"_links":{"self":[{"href":"https:\/\/anbermovers.com\/fr\/wp-json\/wp\/v2\/pages\/241","targetHints":{"allow":["GET"]}}],"collection":[{"href":"https:\/\/anbermovers.com\/fr\/wp-json\/wp\/v2\/pages"}],"about":[{"href":"https:\/\/anbermovers.com\/fr\/wp-json\/wp\/v2\/types\/page"}],"author":[{"embeddable":true,"href":"https:\/\/anbermovers.com\/fr\/wp-json\/wp\/v2\/users\/1"}],"replies":[{"embeddable":true,"href":"https:\/\/anbermovers.com\/fr\/wp-json\/wp\/v2\/comments?post=241"}],"version-history":[{"count":0,"href":"https:\/\/anbermovers.com\/fr\/wp-json\/wp\/v2\/pages\/241\/revisions"}],"wp:attachment":[{"href":"https:\/\/anbermovers.com\/fr\/wp-json\/wp\/v2\/media?parent=241"}],"curies":[{"name":"wp","href":"https:\/\/api.w.org\/{rel}","templated":true}]}}