{"id":218,"date":"2022-02-24T14:20:38","date_gmt":"2022-02-24T14:20:38","guid":{"rendered":"http:\/\/anbermov.to1.fcomet.com\/?page_id=218"},"modified":"2026-04-04T00:40:33","modified_gmt":"2026-04-04T04:40:33","slug":"homes","status":"publish","type":"page","link":"https:\/\/anbermovers.com\/fr\/","title":{"rendered":"Accueil"},"content":{"rendered":"<h2>D\u00e9m\u00e9nageur Montr\u00e9al fiable et professionnel<\/h2>  <h5>Aucun souci. Aucune surprise. Aucun stress. Nous nous occupons de tout!<\/h5>  <p><button class=\"button-red fr-ver\"><a href=\"https:\/\/anbermovers.com\/fr\/contacter-demenageurs-anber\/\">OBTENEZ UNE ESTIMATION GRATUITE <\/a><\/button><\/p>  <p>Nous sp\u00e9cialisons dans le d\u00e9m\u00e9nagement r\u00e9sidentiel, le d\u00e9m\u00e9nagement commercial, le d\u00e9m\u00e9nagement longue distance, l&rsquo;entreposage &amp; bien plus encore, <strong>Compagnie de d\u00e9m\u00e9nagement<\/strong>.<\/p>  <!-- <p>Nous nous sp\u00e9cialisons <br> dans le d\u00e9m\u00e9nagement r\u00e9sidentiel, le d\u00e9m\u00e9nagement commercial, le d\u00e9m\u00e9nagement longue distance, l'entreposage &amp; bien plus encore<\/p> -->","protected":false},"excerpt":{"rendered":"<p>D\u00e9m\u00e9nageur Montr\u00e9al fiable et professionnel Aucun souci. Aucune surprise. Aucun stress. Nous nous occupons de tout! OBTENEZ UNE ESTIMATION GRATUITE Nous sp\u00e9cialisons dans le d\u00e9m\u00e9nagement r\u00e9sidentiel, le d\u00e9m\u00e9nagement commercial, le d\u00e9m\u00e9nagement longue distance, l&rsquo;entreposage &amp; bien plus encore, Compagnie de d\u00e9m\u00e9nagement.<\/p>\n","protected":false},"author":1,"featured_media":7438,"parent":0,"menu_order":0,"comment_status":"closed","ping_status":"closed","template":"home.php","meta":{"_seopress_robots_primary_cat":"","_seopress_titles_title":"D\u00e9m\u00e9nageur Montr\u00e9al | Entreprise de d\u00e9m\u00e9nagement | Anber Movers","_seopress_titles_desc":"D\u00e9m\u00e9nageur Montr\u00e9al fiable avec Anber Movers. Entreprise de d\u00e9m\u00e9nagement professionnelle pour service rapide, s\u00e9curitaire et sans stress.","_seopress_robots_index":"","footnotes":""},"class_list":["post-218","page","type-page","status-publish","has-post-thumbnail"],"_links":{"self":[{"href":"https:\/\/anbermovers.com\/fr\/wp-json\/wp\/v2\/pages\/218","targetHints":{"allow":["GET"]}}],"collection":[{"href":"https:\/\/anbermovers.com\/fr\/wp-json\/wp\/v2\/pages"}],"about":[{"href":"https:\/\/anbermovers.com\/fr\/wp-json\/wp\/v2\/types\/page"}],"author":[{"embeddable":true,"href":"https:\/\/anbermovers.com\/fr\/wp-json\/wp\/v2\/users\/1"}],"replies":[{"embeddable":true,"href":"https:\/\/anbermovers.com\/fr\/wp-json\/wp\/v2\/comments?post=218"}],"version-history":[{"count":87,"href":"https:\/\/anbermovers.com\/fr\/wp-json\/wp\/v2\/pages\/218\/revisions"}],"predecessor-version":[{"id":20084,"href":"https:\/\/anbermovers.com\/fr\/wp-json\/wp\/v2\/pages\/218\/revisions\/20084"}],"wp:featuredmedia":[{"embeddable":true,"href":"https:\/\/anbermovers.com\/fr\/wp-json\/wp\/v2\/media\/7438"}],"wp:attachment":[{"href":"https:\/\/anbermovers.com\/fr\/wp-json\/wp\/v2\/media?parent=218"}],"curies":[{"name":"wp","href":"https:\/\/api.w.org\/{rel}","templated":true}]}}