{"id":17361,"date":"2025-12-10T06:40:55","date_gmt":"2025-12-10T11:40:55","guid":{"rendered":"https:\/\/anbermovers.com\/?page_id=17361"},"modified":"2025-12-18T04:59:55","modified_gmt":"2025-12-18T09:59:55","slug":"meilleur-demenageur-montreal","status":"publish","type":"page","link":"https:\/\/anbermovers.com\/fr\/meilleur-demenageur-montreal\/","title":{"rendered":"Votre Meilleur D\u00e9m\u00e9nageur \u00e0 Montr\u00e9al"},"content":{"rendered":"<p data-start=\"409\" data-end=\"687\"><span style=\"font-weight: 400;\">Identifier le <\/span><b>meilleur d\u00e9m\u00e9nageur Montr\u00e9al<\/b><span style=\"font-weight: 400;\"> est essentiel pour une relocation r\u00e9ussie. <strong><a href=\"https:\/\/share.google\/R7U7Dv1PDCfWcyJfJ\">Anber D\u00e9m\u00e9nagement &amp; Entreposage Inc<\/a><\/strong>. incarne l&rsquo;excellence en combinant fiabilit\u00e9, expertise locale et service client exceptionnel, faisant de nous le partenaire privil\u00e9gi\u00e9 des Montr\u00e9alais.<\/span><\/p>  <p data-start=\"689\" data-end=\"979\"><span style=\"font-weight: 400;\">\u00a0\u00catre reconnu comme le <\/span>meilleur d\u00e9m\u00e9nageur Montr\u00e9al<span style=\"font-weight: 400;\"> ne se d\u00e9cr\u00e8te pas, cela se m\u00e9rite. Cette r\u00e9putation, nous la cultivons chaque jour par un engagement sans faille envers la <strong><a href=\"https:\/\/anbermovers.com\/fr\/temoignages-pour-demenageurs-anber\/\">satisfaction totale de nos clients<\/a><\/strong>, de l&rsquo;estimation \u00e0 l&rsquo;installation finale.<\/span><\/p>","protected":false},"excerpt":{"rendered":"<p>Identifier le meilleur d\u00e9m\u00e9nageur Montr\u00e9al est essentiel pour une relocation r\u00e9ussie. Anber D\u00e9m\u00e9nagement &amp; Entreposage Inc. incarne l&rsquo;excellence en combinant fiabilit\u00e9, expertise locale et service client exceptionnel, faisant de nous le partenaire privil\u00e9gi\u00e9 des Montr\u00e9alais. \u00a0\u00catre reconnu comme le meilleur d\u00e9m\u00e9nageur Montr\u00e9al ne se d\u00e9cr\u00e8te pas, cela se m\u00e9rite. Cette r\u00e9putation, nous la cultivons chaque [&hellip;]<\/p>\n","protected":false},"author":6,"featured_media":17422,"parent":0,"menu_order":0,"comment_status":"closed","ping_status":"closed","template":"services.php","meta":{"_seopress_robots_primary_cat":"","_seopress_titles_title":"Meilleur d\u00e9m\u00e9nageur Montr\u00e9al | Anber Movers Montr\u00e9al","_seopress_titles_desc":"Meilleur d\u00e9m\u00e9nageur \u00e0 Montr\u00e9al, Anber Movers Montr\u00e9al offre des services fiables, rapides et abordables pour d\u00e9m\u00e9nagement r\u00e9sidentiel et commercial.","_seopress_robots_index":"","footnotes":""},"class_list":["post-17361","page","type-page","status-publish","has-post-thumbnail"],"_links":{"self":[{"href":"https:\/\/anbermovers.com\/fr\/wp-json\/wp\/v2\/pages\/17361","targetHints":{"allow":["GET"]}}],"collection":[{"href":"https:\/\/anbermovers.com\/fr\/wp-json\/wp\/v2\/pages"}],"about":[{"href":"https:\/\/anbermovers.com\/fr\/wp-json\/wp\/v2\/types\/page"}],"author":[{"embeddable":true,"href":"https:\/\/anbermovers.com\/fr\/wp-json\/wp\/v2\/users\/6"}],"replies":[{"embeddable":true,"href":"https:\/\/anbermovers.com\/fr\/wp-json\/wp\/v2\/comments?post=17361"}],"version-history":[{"count":17,"href":"https:\/\/anbermovers.com\/fr\/wp-json\/wp\/v2\/pages\/17361\/revisions"}],"predecessor-version":[{"id":17758,"href":"https:\/\/anbermovers.com\/fr\/wp-json\/wp\/v2\/pages\/17361\/revisions\/17758"}],"wp:featuredmedia":[{"embeddable":true,"href":"https:\/\/anbermovers.com\/fr\/wp-json\/wp\/v2\/media\/17422"}],"wp:attachment":[{"href":"https:\/\/anbermovers.com\/fr\/wp-json\/wp\/v2\/media?parent=17361"}],"curies":[{"name":"wp","href":"https:\/\/api.w.org\/{rel}","templated":true}]}}