{"id":17292,"date":"2025-12-10T04:48:36","date_gmt":"2025-12-10T09:48:36","guid":{"rendered":"https:\/\/anbermovers.com\/?page_id=17292"},"modified":"2025-12-18T06:58:28","modified_gmt":"2025-12-18T11:58:28","slug":"demenageur-mtl","status":"publish","type":"page","link":"https:\/\/anbermovers.com\/fr\/demenageur-mtl\/","title":{"rendered":"D\u00e9m\u00e9nageur Mtl \u2013 Votre Expert en D\u00e9m\u00e9nagement \u00e0 Montr\u00e9al"},"content":{"rendered":"<p data-start=\"409\" data-end=\"687\"><span style=\"font-weight: 400;\">\u00a0Vous cherchez un <\/span><b>d\u00e9m\u00e9nageur Mtl<\/b><span style=\"font-weight: 400;\"> fiable pour votre projet ? <strong><a href=\"https:\/\/share.google\/R7U7Dv1PDCfWcyJfJ\">Anber Moving &amp; Storage Inc<\/a><\/strong>. est le partenaire de choix pour <a href=\"https:\/\/anbermovers.com\/fr\/services-demenagement-local-a-montreal\/\">un d\u00e9m\u00e9nagement r\u00e9ussi \u00e0 Montr\u00e9al<\/a>. Notre \u00e9quipe locale garantit un service rapide, s\u00e9curis\u00e9 et adapt\u00e9 \u00e0 vos besoins de d\u00e9m\u00e9nagement.<\/span><\/p>  <p data-start=\"689\" data-end=\"979\"><span style=\"font-weight: 400;\">Choisissez pour un vrai <\/span><b>d\u00e9m\u00e9nageur Mtl<\/b><span style=\"font-weight: 400;\">, c\u2019est choisir la s\u00e9r\u00e9nit\u00e9. Nous nous engageons \u00e0 \u00eatre <a href=\"https:\/\/anbermovers.com\/fr\/pourquoi-choisir-un-service-de-demenagement-local-demenagement-anber\/\"><strong>votre partenaire de confiance<\/strong><\/a>, en mettant notre connaissance intime de la ville et notre savoir-faire \u00e0 votre service pour <a href=\"https:\/\/anbermovers.com\/fr\/meilleur-demenageur-montreal\/\">un d\u00e9m\u00e9nagement sans accroc<\/a>.<\/span><\/p>","protected":false},"excerpt":{"rendered":"<p>\u00a0Vous cherchez un d\u00e9m\u00e9nageur Mtl fiable pour votre projet ? Anber Moving &amp; Storage Inc. est le partenaire de choix pour un d\u00e9m\u00e9nagement r\u00e9ussi \u00e0 Montr\u00e9al. Notre \u00e9quipe locale garantit un service rapide, s\u00e9curis\u00e9 et adapt\u00e9 \u00e0 vos besoins de d\u00e9m\u00e9nagement. Choisissez pour un vrai d\u00e9m\u00e9nageur Mtl, c\u2019est choisir la s\u00e9r\u00e9nit\u00e9. Nous nous engageons \u00e0 [&hellip;]<\/p>\n","protected":false},"author":6,"featured_media":17436,"parent":0,"menu_order":0,"comment_status":"closed","ping_status":"closed","template":"services.php","meta":{"_seopress_robots_primary_cat":"","_seopress_titles_title":"D\u00e9m\u00e9nageur Mtl | Anber Movers Montr\u00e9al","_seopress_titles_desc":"D\u00e9m\u00e9nageur Mtl Anber Movers Montr\u00e9al offre des services de d\u00e9m\u00e9nagement fiables, rapides et abordables pour r\u00e9sidentiel et commercial \u00e0 Montr\u00e9al.","_seopress_robots_index":"","footnotes":""},"class_list":["post-17292","page","type-page","status-publish","has-post-thumbnail"],"_links":{"self":[{"href":"https:\/\/anbermovers.com\/fr\/wp-json\/wp\/v2\/pages\/17292","targetHints":{"allow":["GET"]}}],"collection":[{"href":"https:\/\/anbermovers.com\/fr\/wp-json\/wp\/v2\/pages"}],"about":[{"href":"https:\/\/anbermovers.com\/fr\/wp-json\/wp\/v2\/types\/page"}],"author":[{"embeddable":true,"href":"https:\/\/anbermovers.com\/fr\/wp-json\/wp\/v2\/users\/6"}],"replies":[{"embeddable":true,"href":"https:\/\/anbermovers.com\/fr\/wp-json\/wp\/v2\/comments?post=17292"}],"version-history":[{"count":11,"href":"https:\/\/anbermovers.com\/fr\/wp-json\/wp\/v2\/pages\/17292\/revisions"}],"predecessor-version":[{"id":17767,"href":"https:\/\/anbermovers.com\/fr\/wp-json\/wp\/v2\/pages\/17292\/revisions\/17767"}],"wp:featuredmedia":[{"embeddable":true,"href":"https:\/\/anbermovers.com\/fr\/wp-json\/wp\/v2\/media\/17436"}],"wp:attachment":[{"href":"https:\/\/anbermovers.com\/fr\/wp-json\/wp\/v2\/media?parent=17292"}],"curies":[{"name":"wp","href":"https:\/\/api.w.org\/{rel}","templated":true}]}}