{"id":17277,"date":"2025-12-10T04:20:53","date_gmt":"2025-12-10T09:20:53","guid":{"rendered":"https:\/\/anbermovers.com\/?page_id=17277"},"modified":"2025-12-18T05:33:04","modified_gmt":"2025-12-18T10:33:04","slug":"demenageur-montreal","status":"publish","type":"page","link":"https:\/\/anbermovers.com\/fr\/demenageur-montreal\/","title":{"rendered":"D\u00e9m\u00e9nageur Montr\u00e9al"},"content":{"rendered":"<p data-start=\"409\" data-end=\"687\"><span style=\"font-weight: 400;\">Confiez votre d\u00e9m\u00e9nagement \u00e0 un d\u00e9m\u00e9nageur de confiance \u00e0 Montr\u00e9al. Que vous changiez de quartier ou d\u2019entreprise, Anber D\u00e9m\u00e9nagement &amp; Entreposage Inc vous accompagne avec professionnalisme pour un d\u00e9m\u00e9nagement sans stress, efficace et s\u00e9curitaire \u00e0 Montr\u00e9al, Rive-Nord et Rive-Sud.<\/span><\/p>  <p data-start=\"689\" data-end=\"979\"><span style=\"font-weight: 400;\">Chez <a href=\"https:\/\/share.google\/R7U7Dv1PDCfWcyJfJ\"><strong>Anber D\u00e9m\u00e9nagement &amp; Entreposage Inc<\/strong><\/a>, nous sommes bien plus qu\u2019un simple <strong>d\u00e9m\u00e9nageur Montr\u00e9al<\/strong>. Nous sommes votre partenaire d\u00e9di\u00e9, mettant notre expertise \u00e0 votre service pour un d\u00e9m\u00e9nagement r\u00e9sidentiel ou commercial, de la planification initiale jusqu\u2019\u00e0 l\u2019installation finale.<\/span><\/p>","protected":false},"excerpt":{"rendered":"<p>Confiez votre d\u00e9m\u00e9nagement \u00e0 un d\u00e9m\u00e9nageur de confiance \u00e0 Montr\u00e9al. Que vous changiez de quartier ou d\u2019entreprise, Anber D\u00e9m\u00e9nagement &amp; Entreposage Inc vous accompagne avec professionnalisme pour un d\u00e9m\u00e9nagement sans stress, efficace et s\u00e9curitaire \u00e0 Montr\u00e9al, Rive-Nord et Rive-Sud. Chez Anber D\u00e9m\u00e9nagement &amp; Entreposage Inc, nous sommes bien plus qu\u2019un simple d\u00e9m\u00e9nageur Montr\u00e9al. Nous sommes [&hellip;]<\/p>\n","protected":false},"author":6,"featured_media":17429,"parent":0,"menu_order":0,"comment_status":"closed","ping_status":"closed","template":"services.php","meta":{"_seopress_robots_primary_cat":"","_seopress_titles_title":"D\u00e9m\u00e9nageur Montr\u00e9al | Anber Movers Montr\u00e9al","_seopress_titles_desc":"D\u00e9m\u00e9nageur Montr\u00e9al \u2013 Anber Movers Montr\u00e9al propose un d\u00e9m\u00e9nagement professionnel, s\u00e9curis\u00e9 et ponctuel pour particuliers et entreprises \u00e0 Montr\u00e9al.","_seopress_robots_index":"","footnotes":""},"class_list":["post-17277","page","type-page","status-publish","has-post-thumbnail"],"_links":{"self":[{"href":"https:\/\/anbermovers.com\/fr\/wp-json\/wp\/v2\/pages\/17277","targetHints":{"allow":["GET"]}}],"collection":[{"href":"https:\/\/anbermovers.com\/fr\/wp-json\/wp\/v2\/pages"}],"about":[{"href":"https:\/\/anbermovers.com\/fr\/wp-json\/wp\/v2\/types\/page"}],"author":[{"embeddable":true,"href":"https:\/\/anbermovers.com\/fr\/wp-json\/wp\/v2\/users\/6"}],"replies":[{"embeddable":true,"href":"https:\/\/anbermovers.com\/fr\/wp-json\/wp\/v2\/comments?post=17277"}],"version-history":[{"count":9,"href":"https:\/\/anbermovers.com\/fr\/wp-json\/wp\/v2\/pages\/17277\/revisions"}],"predecessor-version":[{"id":17761,"href":"https:\/\/anbermovers.com\/fr\/wp-json\/wp\/v2\/pages\/17277\/revisions\/17761"}],"wp:featuredmedia":[{"embeddable":true,"href":"https:\/\/anbermovers.com\/fr\/wp-json\/wp\/v2\/media\/17429"}],"wp:attachment":[{"href":"https:\/\/anbermovers.com\/fr\/wp-json\/wp\/v2\/media?parent=17277"}],"curies":[{"name":"wp","href":"https:\/\/api.w.org\/{rel}","templated":true}]}}