{"id":11847,"date":"2025-04-09T05:03:32","date_gmt":"2025-04-09T09:03:32","guid":{"rendered":"https:\/\/anbermovers.com\/?page_id=11847"},"modified":"2025-04-11T01:51:01","modified_gmt":"2025-04-11T05:51:01","slug":"demenageur-montreal-bas-prix","status":"publish","type":"page","link":"https:\/\/anbermovers.com\/fr\/demenageur-montreal-bas-prix\/","title":{"rendered":"D\u00e9m\u00e9nageur Montr\u00e9al Bas Prix"},"content":{"rendered":"<h2 style=\"font-size: 18px; color: #2c3e50; font-weight: bold; margin-bottom: 20px; line-height: 28px;\"><b>D\u00e9m\u00e9nageur Montr\u00e9al Bas Prix <\/b> \u2013 Un Service Fiable et Abordable<\/h2>  <p>Un d\u00e9m\u00e9nagement repr\u00e9sente un moment cl\u00e9 dans la vie, et il ne devrait pas \u00eatre une source de stress ni de d\u00e9penses excessives. Chez Anber D\u00e9m\u00e9nagement, votre <strong>d\u00e9m\u00e9nageur Montr\u00e9al bas prix<\/strong>, nous vous proposons un service professionnel, rapide et \u00e9conomique, afin que votre transition vers votre nouveau demeure soit aussi fluide que possible.<\/p>  <p>Que vous d\u00e9m\u00e9nagiez dans un nouvel appartement, une maison plus grande ou un bureau, notre \u00e9quipe exp\u00e9riment\u00e9e vous accompagne avec des solutions adapt\u00e9es, sans compromis sur la qualit\u00e9.<\/p>","protected":false},"excerpt":{"rendered":"<p>D\u00e9m\u00e9nageur Montr\u00e9al Bas Prix \u2013 Un Service Fiable et Abordable Un d\u00e9m\u00e9nagement repr\u00e9sente un moment cl\u00e9 dans la vie, et il ne devrait pas \u00eatre une source de stress ni de d\u00e9penses excessives. Chez Anber D\u00e9m\u00e9nagement, votre d\u00e9m\u00e9nageur Montr\u00e9al bas prix, nous vous proposons un service professionnel, rapide et \u00e9conomique, afin que votre transition vers [&hellip;]<\/p>\n","protected":false},"author":6,"featured_media":11911,"parent":0,"menu_order":0,"comment_status":"closed","ping_status":"closed","template":"services.php","meta":{"_seopress_robots_primary_cat":"","_seopress_titles_title":"D\u00e9m\u00e9nageur Montr\u00e9al Bas Prix | Anber Movers Montr\u00e9al","_seopress_titles_desc":"D\u00e9m\u00e9nagement \u00e0 bas prix \u00e0 Montr\u00e9al avec Anber Movers. Service fiable, rapide et s\u00e9curis\u00e9 pour un d\u00e9m\u00e9nagement sans stress.","_seopress_robots_index":"","footnotes":""},"class_list":["post-11847","page","type-page","status-publish","has-post-thumbnail"],"_links":{"self":[{"href":"https:\/\/anbermovers.com\/fr\/wp-json\/wp\/v2\/pages\/11847","targetHints":{"allow":["GET"]}}],"collection":[{"href":"https:\/\/anbermovers.com\/fr\/wp-json\/wp\/v2\/pages"}],"about":[{"href":"https:\/\/anbermovers.com\/fr\/wp-json\/wp\/v2\/types\/page"}],"author":[{"embeddable":true,"href":"https:\/\/anbermovers.com\/fr\/wp-json\/wp\/v2\/users\/6"}],"replies":[{"embeddable":true,"href":"https:\/\/anbermovers.com\/fr\/wp-json\/wp\/v2\/comments?post=11847"}],"version-history":[{"count":48,"href":"https:\/\/anbermovers.com\/fr\/wp-json\/wp\/v2\/pages\/11847\/revisions"}],"predecessor-version":[{"id":11952,"href":"https:\/\/anbermovers.com\/fr\/wp-json\/wp\/v2\/pages\/11847\/revisions\/11952"}],"wp:featuredmedia":[{"embeddable":true,"href":"https:\/\/anbermovers.com\/fr\/wp-json\/wp\/v2\/media\/11911"}],"wp:attachment":[{"href":"https:\/\/anbermovers.com\/fr\/wp-json\/wp\/v2\/media?parent=11847"}],"curies":[{"name":"wp","href":"https:\/\/api.w.org\/{rel}","templated":true}]}}