{"id":11682,"date":"2025-04-05T04:43:31","date_gmt":"2025-04-05T08:43:31","guid":{"rendered":"https:\/\/anbermovers.com\/?page_id=11682"},"modified":"2025-11-25T06:53:15","modified_gmt":"2025-11-25T11:53:15","slug":"demenageur-residentiel-montreal","status":"publish","type":"page","link":"https:\/\/anbermovers.com\/fr\/demenageur-residentiel-montreal\/","title":{"rendered":"D\u00e9m\u00e9nageur r\u00e9sidentiel Montr\u00e9al"},"content":{"rendered":"<h2 style=\"font-size: 18px; color: #2c3e50; font-weight: bold; margin-bottom: 20px; line-height: 28px;\"><b>D\u00e9m\u00e9nageur r\u00e9sidentiel Montr\u00e9al<\/b> de Confiance \u00e0 Montr\u00e9al \u2013 Anber D\u00e9m\u00e9nagement &amp; Entreposage Inc<\/h2>  <p data-start=\"409\" data-end=\"687\"><a href=\"https:\/\/share.google\/TMeIMRUdreec2ShID\">D\u00e9m\u00e9nager<\/a> repr\u00e9sente une \u00e9tape importante, que vous changiez simplement de quartier ou que vous vous installiez dans une nouvelle r\u00e9gion. Dans ces moments cl\u00e9s, vous m\u00e9ritez un <strong data-start=\"586\" data-end=\"621\">d\u00e9m\u00e9nageur r\u00e9sidentiel Montr\u00e9al<\/strong> fiable, professionnel et soucieux de votre tranquillit\u00e9 d\u2019esprit.<\/p>  <p data-start=\"689\" data-end=\"979\">Chez <a href=\"https:\/\/anbermovers.com\/fr\"><strong data-start=\"694\" data-end=\"734\">Anber D\u00e9m\u00e9nagement &amp; Entreposage Inc<\/strong><\/a>, nous ne sommes pas qu\u2019une simple entreprise de d\u00e9m\u00e9nagement. Nous devenons votre partenaire de confiance pour un d\u00e9m\u00e9nagement r\u00e9sidentiel fluide, s\u00e9curitaire et sans stress, gr\u00e2ce \u00e0 une expertise \u00e9prouv\u00e9e et un accompagnement complet de A \u00e0 Z.<\/p>","protected":false},"excerpt":{"rendered":"<p>D\u00e9m\u00e9nageur r\u00e9sidentiel Montr\u00e9al de Confiance \u00e0 Montr\u00e9al \u2013 Anber D\u00e9m\u00e9nagement &amp; Entreposage Inc D\u00e9m\u00e9nager repr\u00e9sente une \u00e9tape importante, que vous changiez simplement de quartier ou que vous vous installiez dans une nouvelle r\u00e9gion. Dans ces moments cl\u00e9s, vous m\u00e9ritez un d\u00e9m\u00e9nageur r\u00e9sidentiel Montr\u00e9al fiable, professionnel et soucieux de votre tranquillit\u00e9 d\u2019esprit. Chez Anber D\u00e9m\u00e9nagement &amp; [&hellip;]<\/p>\n","protected":false},"author":6,"featured_media":863,"parent":0,"menu_order":0,"comment_status":"closed","ping_status":"closed","template":"services.php","meta":{"_seopress_robots_primary_cat":"","_seopress_titles_title":"D\u00e9m\u00e9nageur r\u00e9sidentiel Montr\u00e9al | Anber Movers Montr\u00e9al","_seopress_titles_desc":"D\u00e9m\u00e9nageur r\u00e9sidentiel Montr\u00e9al professionnel et abordable. Anber Movers assure un service rapide, s\u00e9curitaire et sans stress. Devis gratuit.","_seopress_robots_index":"","footnotes":""},"class_list":["post-11682","page","type-page","status-publish","has-post-thumbnail"],"_links":{"self":[{"href":"https:\/\/anbermovers.com\/fr\/wp-json\/wp\/v2\/pages\/11682","targetHints":{"allow":["GET"]}}],"collection":[{"href":"https:\/\/anbermovers.com\/fr\/wp-json\/wp\/v2\/pages"}],"about":[{"href":"https:\/\/anbermovers.com\/fr\/wp-json\/wp\/v2\/types\/page"}],"author":[{"embeddable":true,"href":"https:\/\/anbermovers.com\/fr\/wp-json\/wp\/v2\/users\/6"}],"replies":[{"embeddable":true,"href":"https:\/\/anbermovers.com\/fr\/wp-json\/wp\/v2\/comments?post=11682"}],"version-history":[{"count":18,"href":"https:\/\/anbermovers.com\/fr\/wp-json\/wp\/v2\/pages\/11682\/revisions"}],"predecessor-version":[{"id":15819,"href":"https:\/\/anbermovers.com\/fr\/wp-json\/wp\/v2\/pages\/11682\/revisions\/15819"}],"wp:featuredmedia":[{"embeddable":true,"href":"https:\/\/anbermovers.com\/fr\/wp-json\/wp\/v2\/media\/863"}],"wp:attachment":[{"href":"https:\/\/anbermovers.com\/fr\/wp-json\/wp\/v2\/media?parent=11682"}],"curies":[{"name":"wp","href":"https:\/\/api.w.org\/{rel}","templated":true}]}}